{"id":1035,"date":"2016-11-28T20:16:02","date_gmt":"2016-11-28T19:16:02","guid":{"rendered":"http:\/\/losgalindos.turingprojects.com\/companyia\/trajectoria\/"},"modified":"2023-01-18T16:31:19","modified_gmt":"2023-01-18T15:31:19","slug":"trayectoria","status":"publish","type":"page","link":"https:\/\/losgalindos.net\/es\/companyia\/trayectoria\/","title":{"rendered":"Trayectoria"},"content":{"rendered":"<section class=\"l-section wpb_row height_small\"><div class=\"l-section-h i-cf\"><div class=\"g-cols vc_row via_flex valign_top type_default stacking_default\"><div class=\"vc_col-sm-12 wpb_column vc_column_container\"><div class=\"vc_column-inner\"><div class=\"wpb_wrapper\"><div class=\"wpb_text_column\"><div class=\"wpb_wrapper\"><h2>Espect\u00e1culos realizados<\/h2>\n<p><strong>APRENDIZAJE Y TRANSMISI\u00d3N. ARTE Y OFICIO<\/strong><\/p>\n<p>Para Los Galindos, la formaci\u00f3n y el reciclaje t\u00e9cnico han sido de rigurosa importancia. Autodidactas desde los inicios, nos ten\u00edamos que alimentar de los conocimientos que pod\u00edamos adquirir gracias a las complicidades de artistas afines, de profesores que busc\u00e1bamos por su especialidad y organizando talleres o encuentros, donde pod\u00edamos intercambiar conocimientos y experimentar en colectivo. Con Rogelio Rivel, Jean Palacy y Geza Trager nos formamos en acrobacia, trapecio volante y portes acrob\u00e1ticos, un aprendizaje de oficio impartido por viejos artistas que sab\u00edan tanto de t\u00e9cnica como de la vida del circo.<br \/>\nEl viaje como herramienta de conocimiento impl\u00edcita en el mundo del circo. A la b\u00fasqueda de un crecimiento y una formaci\u00f3n continuada, hemos aprendido y compartido experiencias con diferentes maestros y artistas de Europa: Valentin Glazirin (Rusia), Remy Balaguer y Abdel y Mahmoud (Francia), Corpus Cia. (Holanda), Cia. Plot (Portugal\/Brasil\/Alemania). En el \u00e1mbito del concepto y la po\u00e9tica del teatro, compart\u00edamos experiencia profesional y formativa con Joan Armengol (Catalunya).<br \/>\nEn 1995, a partir de la direcci\u00f3n del espect\u00e1culo Recuerdo de Constantinopla, colaboramos por primera vez con Michel Dallaire, payaso y director de circo, originario del Quebec. Aterriz\u00f3 en Francia con la eclosi\u00f3n del Noveau Cirque, dirigi\u00f3, entre otras, Archaos, Gosh y su compa\u00f1\u00eda Contre Pour, donde actu\u00f3 hasta la primera d\u00e9cada del dos mil. Cre\u00f3 la escuela de Clown en L\u2019Hangar des Mines y hasta su muerte imparti\u00f3 cursos siguiendo su propio m\u00e9todo de formaci\u00f3n.<br \/>\nDesde el trabajo de direcci\u00f3n y puesta en escena, aprendimos de m\u00e9todo, compartimos el deseo de aprender y de evolucionar juntos. Durante diferentes per\u00edodos nos sentimos acompa\u00f1ados y sobretodo adquirimos, de una forma generosa y transparente, un conocimiento que nos ha permitido crecer. Un legado de maestro.<\/p>\n<p>Como hemos expuesto, una de nuestras caracter\u00edsticas ha sido la relaci\u00f3n establecida con compa\u00f1\u00edas y artistas extranjeros en proyectos art\u00edsticos y formativos, siempre buscando el flujo comunicativo tan necesario en nuestro territorio. Cuando en los a\u00f1os noventa, aqu\u00ed a\u00fan quedaba mucho por hacer, nos sent\u00edamos c\u00f3mplices y atrevidos a proponernos cualquier reto. \u00cdbamos escasos de formaci\u00f3n t\u00e9cnica, pero nunca nos llen\u00e1bamos de curiosidad y ganas de aprender. El circo en Barcelona y en Catalunya, por extensi\u00f3n, era un hormiguero ajetreado. L\u2019Ateneu de Nou Barris se convirti\u00f3 en un centro neur\u00e1lgico de encuentro y se cre\u00f3 la ACC. Un bullicio asociativo y de encuentro l\u00fadico pero tambi\u00e9n profesional. La anarqu\u00eda creativa se impuso y eso prepar\u00f3 el terreno que se iba a recorreren los siguientes a\u00f1os.<br \/>\nLa falta de recursos formativos se compensaba invitando amistades a venir a dar cursos y compartiendo conocimientos de manera org\u00e1nica y altruista. Esta inquietud nos llev\u00f3 a ser cofundadores, directores y impulsores de la Escola de Circ Rogelio Rivel, desde sucreaci\u00f3n en el a\u00f1o 1999 hasta el 2003.<\/p>\n<p><strong><br \/>\nESPECT\u00c1CULOS DE CREACI\u00d3N<\/strong><\/p>\n<p>Con el deseo de generar un marco de aprendizaje y de intercambio de conocimientos, entendemos el desarrollo de las Artes del Circo como la fusi\u00f3n entre el arte y el oficio. Una indisoluble fusi\u00f3n que nos ha de permitido crecer y experimentar desde el conocimiento y afrontar aquello desconocido.<\/p>\n<p>A lo largo de estos a\u00f1os, hemos desarrollado 15 espect\u00e1culos de creaci\u00f3n propia:<\/p>\n<p>-MDR \u2013 Muerte de risa (2021, en activo)<br \/>\n-UduL (2017, en activo)<\/p>\n<p>-Petites Bestieses (2017 \/ 2020)<br \/>\n-Encara no ho s\u00e9 Lola (2014 \/ 2017)<br \/>\n-Endebades (2012 \/ 2014)<br \/>\n-Circ de Nadal al Mercadal (2011 \/ 2012)<br \/>\n-Maiurta (2011 \/ 2017)<br \/>\n-Capgirat (2008 \/ 2010)<br \/>\n-\u00darsula &amp; Dimitri (2008 \/ 2011)<br \/>\n-Nova Vida amb Josep i Maria (2005 \/ 2011)<br \/>\n-Amalgama (1999 \/ 2002)<br \/>\n-Teruel Lovers (1998 \/ 2003)<br \/>\n-Recuerdo de Constantinopla (1994 \/ 1998)<br \/>\n-Las F\u00e1bulas del Circo de Tudela (1992 \/ 1995)<\/p>\n<p><strong><br \/>\nPREMIOS Y RECONOCIMIENTOS<\/strong><\/p>\n<p>-Premi Nacional de Cultura 2016 \u2013 Generalitat de Catalunya, a la trayectoria de la compa\u00f1\u00eda<\/p>\n<p>-Premio Teatre Barcelona 2022 a mejor espect\u00e1culo de circo, con el espect\u00e1culo MDR \u2013 Muerte de risa<\/p>\n<p>-Premio de la Cr\u00edtica 2021 a mejor espect\u00e1culo de circo, con el espect\u00e1culo MDR \u2013 Muerte de risa<\/p>\n<p>-Premio Especial del Jurado Zirk\u00f3lika 2021, con el espect\u00e1culo MDR \u2013 Muerte de risa<\/p>\n<p>-Premio del P\u00fablico TAC Valladolid 2021, con el espect\u00e1culo MDR \u2013 Muerte de risa<\/p>\n<p>-Menci\u00f3n especial en el Festival Umore Azoka 2005, con el espect\u00e1culo<\/p>\n<p>-Nova vida amb Josep i Maria Aplaudiment Sebasti\u00e0 Gasch 2000, a la compa\u00f1\u00eda<\/p>\n<p>-Menci\u00f3 especial Premi Ciutat de Barcelona 2000, con el espect\u00e1culo Amalgama<\/p>\n<p>&nbsp;<\/p>\n<p><strong>BREVE TRAYECTORIA DE NUESTROS ESPECT\u00c1CULOS EN ACTIVO<\/strong><\/p>\n<p><strong>MDR \u2013 Muerte de risa<\/strong><br \/>\nDesde 2021, MDR ha realizado 89 funciones en 54 festivales\/programaciones diferentes en 4 pa\u00edses de Europa.<\/p>\n<p>Destacamos:<br \/>\nTeatre Nacional de Catalunya &#8211; Barcelona<br \/>\nFira T\u00e0rrega<br \/>\nFira Trapezi \u2013 Reus<br \/>\nFestival Internacional de Pallassos de Cornell\u00e0 Festival Mim de Sueca \u2013 Val\u00e8ncia<br \/>\nFestival TAC de Valladolid<br \/>\nFestival de teatre d\u2019Art\u00e0 Cool Days \u2013 Mallorca<br \/>\nFestival Kaldearte &#8211; Vitoria\/Gasteiz<br \/>\nFestival Kalealdia &#8211; Bilbao<br \/>\nVeranos de la villa &#8211; Circo Price \u2013 Madrid<br \/>\nFestival Vaudeville \u2013 Braga, Famali\u00e7ao y Barcelos &#8211; Portugal Crat\u00e8re Surfaces &#8211; Al\u00e8s &#8211; Francia<br \/>\nPassage Helsingor &#8211; Dinamarca<br \/>\nFestival International de Th\u00e9atre de Rue Aurillac &#8211; Francia Festival de rue de Ramonville \u2013 Francia<\/p>\n<p><strong>UduL<\/strong><br \/>\nDesde 2017, UduL ha realizado 192 funciones en 37 festivales programaciones diferentes en 10 pa\u00edses de Europa.<\/p>\n<p>Destacamos:<br \/>\nFestival Grec &#8211; Barcelona<br \/>\nMercat de les Flors &#8211; Barcelona<br \/>\nXarxa transversal (en Catalunya: Matar\u00f3, Vilanova, Olot, Figueres y St. Cugat) Fira T\u00e0rrega<br \/>\nFreedom Festival (Hull, Reino Unido)<br \/>\nDerbty Feste (Derby, Reino Unido)<br \/>\nAtoll Festival (Karlsruhe, Alemania)<br \/>\nFIB Bergen International Festival (Bergen, Noruega)<br \/>\nDIG arts Festival (Dinamarca)<br \/>\nHameka (Euskal Herria, Francia)<br \/>\nChalon dans la Rue (Chalon sur Sa\u00f4ne, Francia)<br \/>\nVagamondes &#8211; La Filature (Mulhouse, Francia)<br \/>\nDinamico Festival (Reggio Emilia, Italia)<br \/>\nInternational Street Artists&#8217; Festival Ulicznicy (Gliwice, Polonia)<br \/>\nCirk! Aalst (Aalst, B\u00e9lgica)<br \/>\nNoite Bianca (La Valletta, Malta<\/p>\n<p>&nbsp;<\/p>\n<p><strong>COLABORACIONES EN DIFERENTES PROYECTOS ART\u00cdSTICOS NACIONALS Y INTERNACIONALES<\/strong><\/p>\n<p>El Otro Festival &#8211; Documental (2020)<br \/>\nEl Otro Festival (Rosario, Argentina 2019)<br \/>\nL\u2019Altre Festival de les arts esc\u00e8niques i la salut mental (desde 2015)<br \/>\nLos Galindos i La Fam\u00edlia Conti (2016)<br \/>\nAmassam un Circ &#8211; La Central del Circ<br \/>\nEspect\u00e1culo taller en el TNC (2015)<br \/>\nMatias o el desig de volar, Txo Titelles \/ Los Galindos (2014)<br \/>\n1, 2, 3, poma, Cia. Daromai (2008)<br \/>\nCabaret Circ Pin-Pal\u00fa (2005)<br \/>\n9o Circ d\u2019Hivern, Circus Klezmer (2004)<br \/>\nAutour d\u2019elles, Cie Vent d\u2019Autan (2004)<br \/>\n2a Temporada Circ Cric (2003 \/ 2004)<br \/>\n7o Circ d\u2019Hivern, Ulls clucs (2002)<br \/>\nMon Marcel, Cirque Gosh Francia \/ Alemania (2002)<br \/>\nFamine de Rien, G\u00eanre de Cirque, Francia \/ Cameroun (1998)<br \/>\nMiratges Mentides i misteris, Circ Crac (1997)<br \/>\n1o Circ d&#8217;hivern 9 barris, Espl\u00e8ndid (1996)<br \/>\nLa gran repr\u00eds, Circ Crac (1995)<br \/>\nQuatre dones + aigua, Teatre Mayatnik, Uzbekistan (1992)<br \/>\nTemporada Circ Raluy (1992 \/ 1993)<\/p>\n<p>&nbsp;<\/p>\n<p><strong>EN EL \u00c1MBITO DE LA DIRECCI\u00d3N DE ESCENA Y DEL ACOMPA\u00d1AMIENTO ART\u00cdSTICO<\/strong><\/p>\n<p>Refugi, Marc Parrot (2018)<br \/>\nTi-Tlan, (lugar entre), Monterrey, M\u00e9xico (2014) Tiravol, Cia. Daromai (2014)<br \/>\nDescarrilat Inaugural Fira Trapezi (2012)<br \/>\nEntr\u00f2pic Inaugural Fira T\u00e0rrega, (2011)<br \/>\n1, 2, 3, poma. Cia. Daromai (2008)<br \/>\n34o Combinat de Circ (Ateneu de 9 barris, 2007)<br \/>\nPicassoielcirc MuseuPicasso\/Ateneude9barris,(2006)<br \/>\nEspl\u00e8ndid Circ d\u2019Hivern, Ateneu de 9 barris, (1996)<\/p>\n<p>&nbsp;<\/p>\n<p><strong>OTROS PROYECTOS EN LA YURTA<\/strong><\/p>\n<p>Desde 2011, Los Galindos tenemos nuestra propia carpa, una Yurta donde presentamos y hemos presentado los \u00faltimos espect\u00e1culos. A su vez ha servido como espacio donde se han llevado a cabo diferentes actividades y experiencias dinamizadas con nuestra complicidad y\/o participaci\u00f3n art\u00edstica:<\/p>\n<p>\u00abL&#8217;Altre Festival\u00bb (Fabra i Coats, Barcelona 2019, 2015, 2011)<br \/>\n\u201cNet connection\u201d (Festispillene Bergen International Festival \u2013 Noruega, 2018)<br \/>\n\u00abLos Galindos i la Fam\u00edlia Conti\u00bb (Fira del Festival Circ Cric 2016).<br \/>\n\u00abConcert de presentaci\u00f3 de Sambala\u00bb (Tiana, 2015)<br \/>\n\u00abEl Pati\u00bb (Palau Solit\u00e0 i Plegamans, 2015)<br \/>\n\u201cFlors i Violes\u201d (Palafrugell, 2014)<br \/>\n\u00abPallassos sense Fronteres\u00bb (Mostra Associacions, Festes de la Merc\u00e8, ( 2013)<br \/>\n\u00abTitelles al circ\u00bb (Navidad 2013, Sant Cugat)<br \/>\n\u00abDibuixa&#8217;m un conte\u00bb (1,2,3 Pallasso, Tiana 2011)<\/p>\n<\/div><\/div><\/div><\/div><\/div><\/div><\/div><\/section><section class=\"l-section wpb_row height_medium\"><div class=\"l-section-h i-cf\"><div class=\"g-cols vc_row via_flex valign_top type_default stacking_default\"><div class=\"vc_col-sm-12 wpb_column vc_column_container\"><div class=\"vc_column-inner\"><div class=\"wpb_wrapper\"><\/div><\/div><\/div><\/div><\/div><\/section>\n","protected":false},"excerpt":{"rendered":"Espect\u00e1culos realizados APRENDIZAJE Y TRANSMISI\u00d3N. ARTE Y OFICIO Para Los Galindos, la formaci\u00f3n y el reciclaje t\u00e9cnico han sido de rigurosa importancia. Autodidactas desde los inicios, nos ten\u00edamos que alimentar...","protected":false},"author":1,"featured_media":0,"parent":1021,"menu_order":1,"comment_status":"closed","ping_status":"closed","template":"","meta":{"jetpack_post_was_ever_published":false,"footnotes":""},"class_list":["post-1035","page","type-page","status-publish","hentry"],"jetpack_sharing_enabled":true,"jetpack_shortlink":"https:\/\/wp.me\/P8cVNR-gH","_links":{"self":[{"href":"https:\/\/losgalindos.net\/es\/wp-json\/wp\/v2\/pages\/1035","targetHints":{"allow":["GET"]}}],"collection":[{"href":"https:\/\/losgalindos.net\/es\/wp-json\/wp\/v2\/pages"}],"about":[{"href":"https:\/\/losgalindos.net\/es\/wp-json\/wp\/v2\/types\/page"}],"author":[{"embeddable":true,"href":"https:\/\/losgalindos.net\/es\/wp-json\/wp\/v2\/users\/1"}],"replies":[{"embeddable":true,"href":"https:\/\/losgalindos.net\/es\/wp-json\/wp\/v2\/comments?post=1035"}],"version-history":[{"count":5,"href":"https:\/\/losgalindos.net\/es\/wp-json\/wp\/v2\/pages\/1035\/revisions"}],"predecessor-version":[{"id":4427,"href":"https:\/\/losgalindos.net\/es\/wp-json\/wp\/v2\/pages\/1035\/revisions\/4427"}],"up":[{"embeddable":true,"href":"https:\/\/losgalindos.net\/es\/wp-json\/wp\/v2\/pages\/1021"}],"wp:attachment":[{"href":"https:\/\/losgalindos.net\/es\/wp-json\/wp\/v2\/media?parent=1035"}],"curies":[{"name":"wp","href":"https:\/\/api.w.org\/{rel}","templated":true}]}}