{"id":1028,"date":"2016-11-29T19:53:38","date_gmt":"2016-11-29T18:53:38","guid":{"rendered":"http:\/\/losgalindos.turingprojects.com\/?page_id=1028"},"modified":"2023-03-15T09:36:28","modified_gmt":"2023-03-15T08:36:28","slug":"companyia","status":"publish","type":"page","link":"https:\/\/losgalindos.net\/fr\/companyia\/","title":{"rendered":"La Compagnie"},"content":{"rendered":"<section class=\"l-section wpb_row height_small\"><div class=\"l-section-h i-cf\"><div class=\"g-cols vc_row via_flex valign_top type_default stacking_default\"><div class=\"vc_col-sm-6 wpb_column vc_column_container\"><div class=\"vc_column-inner\"><div class=\"wpb_wrapper\"><div class=\"wpb_text_column us_custom_8d5aa4e2\"><div class=\"wpb_wrapper\"><h2>La Compagnie<\/h2>\n<\/div><\/div><div class=\"wpb_text_column\"><div class=\"wpb_wrapper\"><p><strong><span class=\"s2\">LOS <\/span><span class=\"s2\">GALINDOS (<\/span><span class=\"s2\">1991)<\/span><\/strong><\/p>\n<p class=\"s3\"><strong><span class=\"s2\">Bet <\/span><span class=\"s2\">Garrell<\/span><span class=\"s2\"> (1968) i Marcel <\/span><span class=\"s2\">Escolano<\/span><span class=\"s2\"> (1967)<\/span><\/strong><\/p>\n<p class=\"s3\"><strong><span class=\"s5\">Prix National de la Culture 2016<\/span><\/strong><\/p>\n<p class=\"s6\">Los Galindos est n\u00e9e de la synergie d&rsquo;une recherche curieuse et d\u2019un esprit jeune. Sous l&rsquo;influence directe de l&rsquo;\u00e8re de la cr\u00e9ation collective et, d&rsquo;une certaine mani\u00e8re, h\u00e9ritiers de l&rsquo;esprit de libert\u00e9 du th\u00e9\u00e2tre ind\u00e9pendant qui nous a pr\u00e9c\u00e9d\u00e9s.<\/p>\n<p class=\"s6\">Inspir\u00e9s par la po\u00e9sie et l&rsquo;imaginaire fantastique du Cirque, nous avons \u00e9t\u00e9 captiv\u00e9s par le d\u00e9fi de la transcendance, le besoin de complicit\u00e9 et la possibilit\u00e9 de vivre et de s&rsquo;exprimer en libert\u00e9. A travers l&rsquo;apprentissage, et depuis la rigueur professionnelle \u00e9galement.<\/p>\n<p class=\"s6\">Au cours de ces vingt-neuf ann\u00e9es de voyage, nous avons parcouru diff\u00e9rents territoires cr\u00e9atifs. Le mouvement humain que repr\u00e9sente la vie en communaut\u00e9 a positionn\u00e9 Bet et Marcel comme des leaders naturels du projet. Les douze premi\u00e8res ann\u00e9es de troupe en tant que trap\u00e9zistes volants, acrobates, jongleurs polyvalents et artistes excentriques ont propuls\u00e9 la compagnie sur la sc\u00e8ne internationale.<\/p>\n<p class=\"s6\">L&rsquo;ann\u00e9e 2003 a marqu\u00e9 un tournant et \u00e0 partir de ce moment-l\u00e0, nous avons poursuivi le projet en tant que couple artistique.<\/p>\n<p class=\"s6\">\u00c0 partir de 2011, les nouveaux objectifs nous ont finalement pouss\u00e9s \u00e0 r\u00e9aliser notre vieux d\u00e9sir de pr\u00e9senter nos projets dans une yourte, une tente mongole de neuf m\u00e8tres de diam\u00e8tre pouvant accueillir 100 spectateurs, o\u00f9 nous avons cr\u00e9\u00e9 les six derniers spectacles. Nous avons cherch\u00e9 \u00e0 travers une po\u00e9tique r\u00e9volutionnaire, une transmission interg\u00e9n\u00e9rationnelle et une mise en sc\u00e8ne soign\u00e9e. Nous avons donn\u00e9 de l&rsquo;espace \u00e0 la fantaisie et il en r\u00e9sulte cirque intime, synth\u00e9tique et proche du public.<\/p>\n<p class=\"s6\">Une confrontation de l\u2019individu avec ses capacit\u00e9s, qui nous fait comprendre que le cirque permet d\u2019\u00eatre libre et honn\u00eate. Comprendre la circularit\u00e9, \u00eatre capable de briser toutes les lignes et de marcher le long du seuil du possible.<\/p>\n<\/div><\/div><\/div><\/div><\/div><div class=\"vc_col-sm-6 wpb_column vc_column_container\"><div class=\"vc_column-inner\"><div class=\"wpb_wrapper\"><div class=\"w-image align_center\"><div class=\"w-image-h\"><img decoding=\"async\" width=\"771\" height=\"916\" src=\"https:\/\/i0.wp.com\/losgalindos.net\/wp-content\/uploads\/2023\/01\/Foto-Ulls-0218-1.jpg?fit=771%2C916&amp;ssl=1\" class=\"attachment-full size-full\" alt=\"\" loading=\"lazy\" srcset=\"https:\/\/i0.wp.com\/losgalindos.net\/wp-content\/uploads\/2023\/01\/Foto-Ulls-0218-1.jpg?w=771&amp;ssl=1 771w, https:\/\/i0.wp.com\/losgalindos.net\/wp-content\/uploads\/2023\/01\/Foto-Ulls-0218-1.jpg?resize=253%2C300&amp;ssl=1 253w, https:\/\/i0.wp.com\/losgalindos.net\/wp-content\/uploads\/2023\/01\/Foto-Ulls-0218-1.jpg?resize=600%2C713&amp;ssl=1 600w, https:\/\/i0.wp.com\/losgalindos.net\/wp-content\/uploads\/2023\/01\/Foto-Ulls-0218-1.jpg?resize=768%2C912&amp;ssl=1 768w\" sizes=\"auto, (max-width: 771px) 100vw, 771px\" \/><\/div><\/div><div class=\"w-image align_center\"><div class=\"w-image-h\"><img decoding=\"async\" width=\"789\" height=\"526\" src=\"https:\/\/i0.wp.com\/losgalindos.net\/wp-content\/uploads\/2023\/01\/Foto-Ulls-0098.jpg?fit=789%2C526&amp;ssl=1\" class=\"attachment-full size-full\" alt=\"\" loading=\"lazy\" srcset=\"https:\/\/i0.wp.com\/losgalindos.net\/wp-content\/uploads\/2023\/01\/Foto-Ulls-0098.jpg?w=789&amp;ssl=1 789w, https:\/\/i0.wp.com\/losgalindos.net\/wp-content\/uploads\/2023\/01\/Foto-Ulls-0098.jpg?resize=300%2C200&amp;ssl=1 300w, https:\/\/i0.wp.com\/losgalindos.net\/wp-content\/uploads\/2023\/01\/Foto-Ulls-0098.jpg?resize=600%2C400&amp;ssl=1 600w, https:\/\/i0.wp.com\/losgalindos.net\/wp-content\/uploads\/2023\/01\/Foto-Ulls-0098.jpg?resize=768%2C512&amp;ssl=1 768w\" sizes=\"auto, (max-width: 789px) 100vw, 789px\" \/><\/div><\/div><div class=\"w-image align_center\"><div class=\"w-image-h\"><img decoding=\"async\" width=\"789\" height=\"526\" src=\"https:\/\/i0.wp.com\/losgalindos.net\/wp-content\/uploads\/2023\/01\/Foto-Ulls-0097.jpg?fit=789%2C526&amp;ssl=1\" class=\"attachment-full size-full\" alt=\"\" loading=\"lazy\" srcset=\"https:\/\/i0.wp.com\/losgalindos.net\/wp-content\/uploads\/2023\/01\/Foto-Ulls-0097.jpg?w=789&amp;ssl=1 789w, https:\/\/i0.wp.com\/losgalindos.net\/wp-content\/uploads\/2023\/01\/Foto-Ulls-0097.jpg?resize=300%2C200&amp;ssl=1 300w, https:\/\/i0.wp.com\/losgalindos.net\/wp-content\/uploads\/2023\/01\/Foto-Ulls-0097.jpg?resize=600%2C400&amp;ssl=1 600w, https:\/\/i0.wp.com\/losgalindos.net\/wp-content\/uploads\/2023\/01\/Foto-Ulls-0097.jpg?resize=768%2C512&amp;ssl=1 768w\" sizes=\"auto, (max-width: 789px) 100vw, 789px\" \/><\/div><\/div><\/div><\/div><\/div><\/div><\/div><\/section><section class=\"l-section wpb_row height_small\"><div class=\"l-section-h i-cf\"><div class=\"g-cols vc_row via_flex valign_top type_default stacking_default\"><div class=\"vc_col-sm-12 wpb_column vc_column_container\"><div class=\"vc_column-inner\"><div class=\"wpb_wrapper\"><div class=\"w-separator size_small with_line width_default thick_1 style_solid color_border align_center\"><div class=\"w-separator-h\"><\/div><\/div><div class=\"w-image align_center\"><div class=\"w-image-h\"><img decoding=\"async\" width=\"100\" height=\"100\" src=\"https:\/\/i0.wp.com\/losgalindos.net\/wp-content\/uploads\/2021\/02\/Guardo-100.jpg?fit=100%2C100&amp;ssl=1\" class=\"attachment-full size-full\" alt=\"\" loading=\"lazy\" \/><\/div><\/div><div class=\"wpb_text_column\"><div class=\"wpb_wrapper\"><p style=\"text-align: center;\">Prix \u200b\u200bnational de la culture 2016 (Generalitat de Catalunya)<\/p>\n<\/div><\/div><div class=\"wpb_text_column\"><div class=\"wpb_wrapper\"><\/div><\/div><\/div><\/div><\/div><\/div><\/div><\/section>\n","protected":false},"excerpt":{"rendered":"La Compagnie LOS GALINDOS (1991) Bet Garrell (1968) i Marcel Escolano (1967) Prix National de la Culture 2016 Los Galindos est n\u00e9e de la synergie d&rsquo;une recherche curieuse et d\u2019un...","protected":false},"author":1,"featured_media":0,"parent":0,"menu_order":1,"comment_status":"closed","ping_status":"closed","template":"","meta":{"jetpack_post_was_ever_published":false,"footnotes":""},"class_list":["post-1028","page","type-page","status-publish","hentry"],"jetpack_sharing_enabled":true,"jetpack_shortlink":"https:\/\/wp.me\/P8cVNR-gA","_links":{"self":[{"href":"https:\/\/losgalindos.net\/fr\/wp-json\/wp\/v2\/pages\/1028","targetHints":{"allow":["GET"]}}],"collection":[{"href":"https:\/\/losgalindos.net\/fr\/wp-json\/wp\/v2\/pages"}],"about":[{"href":"https:\/\/losgalindos.net\/fr\/wp-json\/wp\/v2\/types\/page"}],"author":[{"embeddable":true,"href":"https:\/\/losgalindos.net\/fr\/wp-json\/wp\/v2\/users\/1"}],"replies":[{"embeddable":true,"href":"https:\/\/losgalindos.net\/fr\/wp-json\/wp\/v2\/comments?post=1028"}],"version-history":[{"count":5,"href":"https:\/\/losgalindos.net\/fr\/wp-json\/wp\/v2\/pages\/1028\/revisions"}],"predecessor-version":[{"id":4577,"href":"https:\/\/losgalindos.net\/fr\/wp-json\/wp\/v2\/pages\/1028\/revisions\/4577"}],"wp:attachment":[{"href":"https:\/\/losgalindos.net\/fr\/wp-json\/wp\/v2\/media?parent=1028"}],"curies":[{"name":"wp","href":"https:\/\/api.w.org\/{rel}","templated":true}]}}